{"id":87,"date":"2024-08-21T18:01:40","date_gmt":"2024-08-21T16:01:40","guid":{"rendered":"https:\/\/studio-punch.com\/?page_id=87"},"modified":"2024-08-23T10:09:10","modified_gmt":"2024-08-23T08:09:10","slug":"a-propos","status":"publish","type":"page","link":"https:\/\/studio-punch.com\/index.php\/a-propos\/","title":{"rendered":"\u00c0 propos"},"content":{"rendered":"\n<h1 id=\"wp-block-themeisle-blocks-advanced-heading-e595dec5\" class=\"wp-block-themeisle-blocks-advanced-heading wp-block-themeisle-blocks-advanced-heading-e595dec5  o-typing-delay-100ms\"><o-anim-typing><em>punch<\/em> : se dit de quelque-chose qui a un impact fort<\/o-anim-typing><\/h1>\n\n\n\n<p class=\"o-typing-delay-2s o-typing-faster has-medium-font-size\">mais c&rsquo;est aussi un coup de poing \ud83e\udd4a ou un cocktail \u00e0 base de rhum et de jus de fruits frais \ud83c\udf79, on vous laisse choisir !<\/p>\n\n\n\n<div class=\"wp-block-group is-vertical is-layout-flex wp-container-core-group-is-layout-fe9cc265 wp-block-group-is-layout-flex\">\n<div id=\"wp-block-themeisle-blocks-font-awesome-icons-102e0b4c\" class=\"wp-block-themeisle-blocks-font-awesome-icons\"><span class=\"wp-block-themeisle-blocks-font-awesome-icons-container\"><i class=\"fas fa-star-of-life\"><\/i><\/span><\/div>\n<\/div>\n\n\n\n<p>Sp\u00e9cialis\u00e9 en branding, le studio privil\u00e9gie les projets cr\u00e9atifs et les collaborations aupr\u00e8s d\u2019acteurs engag\u00e9s.<\/p>\n\n\n\n<p><\/p>\n","protected":false},"excerpt":{"rendered":"<p>mais c&rsquo;est aussi un coup de poing \ud83e\udd4a ou un cocktail \u00e0 base de rhum et de jus de fruits frais \ud83c\udf79, on vous laisse choisir ! Sp\u00e9cialis\u00e9 en branding, le studio privil\u00e9gie les projets cr\u00e9atifs et les collaborations aupr\u00e8s d\u2019acteurs engag\u00e9s.<\/p>\n","protected":false},"author":1,"featured_media":0,"parent":0,"menu_order":0,"comment_status":"closed","ping_status":"closed","template":"","meta":{"footnotes":""},"class_list":["post-87","page","type-page","status-publish","hentry"],"_links":{"self":[{"href":"https:\/\/studio-punch.com\/index.php\/wp-json\/wp\/v2\/pages\/87","targetHints":{"allow":["GET"]}}],"collection":[{"href":"https:\/\/studio-punch.com\/index.php\/wp-json\/wp\/v2\/pages"}],"about":[{"href":"https:\/\/studio-punch.com\/index.php\/wp-json\/wp\/v2\/types\/page"}],"author":[{"embeddable":true,"href":"https:\/\/studio-punch.com\/index.php\/wp-json\/wp\/v2\/users\/1"}],"replies":[{"embeddable":true,"href":"https:\/\/studio-punch.com\/index.php\/wp-json\/wp\/v2\/comments?post=87"}],"version-history":[{"count":8,"href":"https:\/\/studio-punch.com\/index.php\/wp-json\/wp\/v2\/pages\/87\/revisions"}],"predecessor-version":[{"id":101,"href":"https:\/\/studio-punch.com\/index.php\/wp-json\/wp\/v2\/pages\/87\/revisions\/101"}],"wp:attachment":[{"href":"https:\/\/studio-punch.com\/index.php\/wp-json\/wp\/v2\/media?parent=87"}],"curies":[{"name":"wp","href":"https:\/\/api.w.org\/{rel}","templated":true}]}}